{"id":2,"date":"2014-12-27T22:39:10","date_gmt":"2014-12-27T22:39:10","guid":{"rendered":"http:\/\/codecca.mx\/?page_id=2"},"modified":"2015-02-03T19:17:04","modified_gmt":"2015-02-03T19:17:04","slug":"sample-page","status":"publish","type":"page","link":"https:\/\/codecca.mx\/?page_id=2","title":{"rendered":"Auditoria Administrativa"},"content":{"rendered":"<p>Realizamos un detallado an\u00e1lisis a los procesos que se llevan a cabo en la empresa, con el fin de establecer en qu\u00e9 grado se\u00a0han alcanzado los objetivos planteados y evaluando si la organizaci\u00f3n est\u00e1 funcionando bajo los est\u00e1ndares de efectividad establecidos.<\/p>\n<p>La auditoria administrativa es una herramienta que nos ayudar\u00e1 a localizar los problemas relativos a la eficiencia, por medio de la revisi\u00f3n, supervisi\u00f3n y evaluaci\u00f3n de la propia administraci\u00f3n llevada a cabo dentro de la empresa, localizando las deficiencias o irregularidades en los procesos y as\u00ed permitiendo oportunidades de mejora apoyando a los miembros de la organizaci\u00f3n en el desempe\u00f1o de sus actividades.<\/p>\n<p>&nbsp;<\/p>\n","protected":false},"excerpt":{"rendered":"<p>Realizamos un detallado an\u00e1lisis a los procesos que se llevan a cabo en la empresa, con el fin de establecer en qu\u00e9 grado se\u00a0han alcanzado los objetivos planteados y evaluando si la organizaci\u00f3n est\u00e1 funcionando bajo los est\u00e1ndares de efectividad establecidos. La auditoria administrativa es una herramienta que nos ayudar\u00e1 a localizar los problemas relativos [&hellip;]<\/p>\n","protected":false},"author":1,"featured_media":0,"parent":76,"menu_order":0,"comment_status":"open","ping_status":"closed","template":"page-template\/left-sidebar.php","meta":[],"_links":{"self":[{"href":"https:\/\/codecca.mx\/index.php?rest_route=\/wp\/v2\/pages\/2"}],"collection":[{"href":"https:\/\/codecca.mx\/index.php?rest_route=\/wp\/v2\/pages"}],"about":[{"href":"https:\/\/codecca.mx\/index.php?rest_route=\/wp\/v2\/types\/page"}],"author":[{"embeddable":true,"href":"https:\/\/codecca.mx\/index.php?rest_route=\/wp\/v2\/users\/1"}],"replies":[{"embeddable":true,"href":"https:\/\/codecca.mx\/index.php?rest_route=%2Fwp%2Fv2%2Fcomments&post=2"}],"version-history":[{"count":6,"href":"https:\/\/codecca.mx\/index.php?rest_route=\/wp\/v2\/pages\/2\/revisions"}],"predecessor-version":[{"id":65,"href":"https:\/\/codecca.mx\/index.php?rest_route=\/wp\/v2\/pages\/2\/revisions\/65"}],"up":[{"embeddable":true,"href":"https:\/\/codecca.mx\/index.php?rest_route=\/wp\/v2\/pages\/76"}],"wp:attachment":[{"href":"https:\/\/codecca.mx\/index.php?rest_route=%2Fwp%2Fv2%2Fmedia&parent=2"}],"curies":[{"name":"wp","href":"https:\/\/api.w.org\/{rel}","templated":true}]}}