{"id":22,"date":"2014-12-28T17:34:24","date_gmt":"2014-12-28T17:34:24","guid":{"rendered":"http:\/\/codecca.mx\/?page_id=22"},"modified":"2015-02-03T19:17:36","modified_gmt":"2015-02-03T19:17:36","slug":"gestion-administrativa","status":"publish","type":"page","link":"https:\/\/codecca.mx\/?page_id=22","title":{"rendered":"Gesti\u00f3n Administrativa"},"content":{"rendered":"<p>Este servicio se ofrece a las empresas que est\u00e1n por iniciar un proceso primeramente de selecci\u00f3n del sistema de gesti\u00f3n (<strong>ERP)<\/strong> y\/o implantaci\u00f3n de <strong>ERP<\/strong>, o bien ya est\u00e1n avanzados en el proceso de la implantaci\u00f3n o bien ya la concluyeron y desean asegurar su adecuado funcionamiento y manejo de tableros de informaci\u00f3n o indicadores.<\/p>\n<p>Es muy valioso para las empresas peque\u00f1as como para grandes corporativos que desean obtener el mayor rendimiento y eficiencia de su inversi\u00f3n en su sistema de gesti\u00f3n administrativa.<\/p>\n","protected":false},"excerpt":{"rendered":"<p>Este servicio se ofrece a las empresas que est\u00e1n por iniciar un proceso primeramente de selecci\u00f3n del sistema de gesti\u00f3n (ERP) y\/o implantaci\u00f3n de ERP, o bien ya est\u00e1n avanzados en el proceso de la implantaci\u00f3n o bien ya la concluyeron y desean asegurar su adecuado funcionamiento y manejo de tableros de informaci\u00f3n o indicadores. [&hellip;]<\/p>\n","protected":false},"author":1,"featured_media":0,"parent":76,"menu_order":0,"comment_status":"open","ping_status":"closed","template":"","meta":[],"_links":{"self":[{"href":"https:\/\/codecca.mx\/index.php?rest_route=\/wp\/v2\/pages\/22"}],"collection":[{"href":"https:\/\/codecca.mx\/index.php?rest_route=\/wp\/v2\/pages"}],"about":[{"href":"https:\/\/codecca.mx\/index.php?rest_route=\/wp\/v2\/types\/page"}],"author":[{"embeddable":true,"href":"https:\/\/codecca.mx\/index.php?rest_route=\/wp\/v2\/users\/1"}],"replies":[{"embeddable":true,"href":"https:\/\/codecca.mx\/index.php?rest_route=%2Fwp%2Fv2%2Fcomments&post=22"}],"version-history":[{"count":4,"href":"https:\/\/codecca.mx\/index.php?rest_route=\/wp\/v2\/pages\/22\/revisions"}],"predecessor-version":[{"id":56,"href":"https:\/\/codecca.mx\/index.php?rest_route=\/wp\/v2\/pages\/22\/revisions\/56"}],"up":[{"embeddable":true,"href":"https:\/\/codecca.mx\/index.php?rest_route=\/wp\/v2\/pages\/76"}],"wp:attachment":[{"href":"https:\/\/codecca.mx\/index.php?rest_route=%2Fwp%2Fv2%2Fmedia&parent=22"}],"curies":[{"name":"wp","href":"https:\/\/api.w.org\/{rel}","templated":true}]}}