{"id":51,"date":"2014-12-28T21:33:44","date_gmt":"2014-12-28T21:33:44","guid":{"rendered":"http:\/\/codecca.mx\/?page_id=51"},"modified":"2015-02-03T19:17:24","modified_gmt":"2015-02-03T19:17:24","slug":"control-interno","status":"publish","type":"page","link":"https:\/\/codecca.mx\/?page_id=51","title":{"rendered":"Control Interno"},"content":{"rendered":"<p>Otorgamos asesor\u00eda en la planeaci\u00f3n, dise\u00f1o, ejecuci\u00f3n, control de resultados y mejora contin\u00faa de un Plan Integral de Prevenci\u00f3n de Perdidas <strong>(PPP)<\/strong> que cubra todas las \u00e1reas de una organizaci\u00f3n, con el enfoque soluci\u00f3n\/escenarios posibles de fraude.<\/p>\n","protected":false},"excerpt":{"rendered":"<p>Otorgamos asesor\u00eda en la planeaci\u00f3n, dise\u00f1o, ejecuci\u00f3n, control de resultados y mejora contin\u00faa de un Plan Integral de Prevenci\u00f3n de Perdidas (PPP) que cubra todas las \u00e1reas de una organizaci\u00f3n, con el enfoque soluci\u00f3n\/escenarios posibles de fraude.<\/p>\n","protected":false},"author":1,"featured_media":0,"parent":76,"menu_order":0,"comment_status":"open","ping_status":"closed","template":"","meta":[],"_links":{"self":[{"href":"https:\/\/codecca.mx\/index.php?rest_route=\/wp\/v2\/pages\/51"}],"collection":[{"href":"https:\/\/codecca.mx\/index.php?rest_route=\/wp\/v2\/pages"}],"about":[{"href":"https:\/\/codecca.mx\/index.php?rest_route=\/wp\/v2\/types\/page"}],"author":[{"embeddable":true,"href":"https:\/\/codecca.mx\/index.php?rest_route=\/wp\/v2\/users\/1"}],"replies":[{"embeddable":true,"href":"https:\/\/codecca.mx\/index.php?rest_route=%2Fwp%2Fv2%2Fcomments&post=51"}],"version-history":[{"count":4,"href":"https:\/\/codecca.mx\/index.php?rest_route=\/wp\/v2\/pages\/51\/revisions"}],"predecessor-version":[{"id":59,"href":"https:\/\/codecca.mx\/index.php?rest_route=\/wp\/v2\/pages\/51\/revisions\/59"}],"up":[{"embeddable":true,"href":"https:\/\/codecca.mx\/index.php?rest_route=\/wp\/v2\/pages\/76"}],"wp:attachment":[{"href":"https:\/\/codecca.mx\/index.php?rest_route=%2Fwp%2Fv2%2Fmedia&parent=51"}],"curies":[{"name":"wp","href":"https:\/\/api.w.org\/{rel}","templated":true}]}}